{"id":1232,"date":"2024-02-12T11:15:00","date_gmt":"2024-02-12T10:15:00","guid":{"rendered":"https:\/\/dathamer-carpinteros.com\/?page_id=1232"},"modified":"2024-02-12T11:15:32","modified_gmt":"2024-02-12T10:15:32","slug":"politica-de-cookies","status":"publish","type":"page","link":"https:\/\/dathamer-carpinteros.com\/en\/politica-de-cookies\/","title":{"rendered":"Cookie Policy"},"content":{"rendered":"<div data-elementor-type=\"wp-page\" data-elementor-id=\"1232\" class=\"elementor elementor-1232\" data-elementor-post-type=\"page\">\n\t\t\t\t<div class=\"elementor-element elementor-element-7a48b52 e-flex e-con-boxed e-con e-parent\" data-id=\"7a48b52\" data-element_type=\"container\">\n\t\t\t\t\t<div class=\"e-con-inner\">\n\t\t\t\t<div class=\"elementor-element elementor-element-7e82fc60 elementor-widget elementor-widget-text-editor\" data-id=\"7e82fc60\" data-element_type=\"widget\" data-widget_type=\"text-editor.default\">\n\t\t\t\t<div class=\"elementor-widget-container\">\n\t\t\t\t\t\t\t<!-- wp:heading {\"level\":3} -->\n<p>This website uses third party and own cookies to give you a better browsing experience, to share content on social networks and so that we can obtain user statistics.<\/p>\n<p>You can prevent the downloading of cookies through your browser settings, preventing cookies from being stored on your device.<\/p>\n<p>As the owner of this web site, I inform you that we do not use any personal information from cookies, we only make general statistics of visits that do not involve any personal information.<\/p>\n<p>It is very important that you read this cookie policy and understand that, if you continue browsing, we will consider that you accept its use.<\/p>\n<p>According to the terms included in Article 22.2 of Law 34\/2002 of Services of the Information Society and Electronic Commerce, if you continue browsing, you will be giving your consent to the use of the aforementioned mechanisms.<\/p>\n<h3><strong>RESPONSIBLE ENTITY<\/strong><\/h3>\n<p>The entity responsible for the collection, processing and use of your personal data, within the meaning of the Personal Data Protection Act, is the site\u00a0<strong>https:\/\/<\/strong><strong> www.dathamer-carpinteros.com<\/strong> owned by\u00a0<strong>www.dathamer-carpinteros.com.<\/strong><\/p>\n<h3><strong>WHAT ARE COOKIES?<\/strong><\/h3>\n<p>Cookies are a set of data that a server deposits in the user's browser to collect standard Internet log information and information on the behavior of visitors to a website. In other words, they are small text files that are stored on the computer's hard drive and are used to identify the user when he\/she connects to the website again. Their purpose is to record the user's visit and store certain information. Its use is common and frequent on the web as it allows pages to function more efficiently and achieve greater customization and analysis of user behavior.<\/p>\n<h3><strong>WHAT TYPES OF COOKIES ARE THERE?<\/strong><\/h3>\n<p>The cookies used on our website, are session and third party cookies, and allow us to store and access information related to language, type of browser used, and other general characteristics predefined by the user, as well as to track and analyze the activity carried out, in order to make improvements and provide our services in a more efficient and personalized way.<\/p>\n<p>Cookies, depending on their permanence, can be divided into session or permanent cookies. Those that expire when the user closes the browser. Those that expire depending on when the purpose for which they serve is fulfilled (for example, for the user to remain identified in the services of\u00a0<strong>https:\/\/<\/strong>\u00a0<strong>www.dathamer-carpinteros.com<\/strong> or when they are manually deleted.<\/p>\n<p>\u00a0<\/p>\n<table width=\"100%\">\n<tbody>\n<tr>\n<td>\n<p>Name<\/p>\n<\/td>\n<td>\n<p>Type<\/p>\n<\/td>\n<td>\n<p>Expiration<\/p>\n<\/td>\n<td>\n<p>Purpose<\/p>\n<\/td>\n<td>\n<p>Class<\/p>\n<\/td>\n<\/tr>\n<tr>\n<td>\n<p>__utma<\/p>\n<\/td>\n<td>\n<p>From Third Parties (Google Analytics)<\/p>\n<\/td>\n<td>\n<p>2 years<\/p>\n<\/td>\n<td>\n<p>It is used to distinguish users and sessions.<\/p>\n<\/td>\n<td>\n<p>Non-exempt<\/p>\n<\/td>\n<\/tr>\n<tr>\n<td>\n<p>__utmb<\/p>\n<\/td>\n<td>\n<p>From Third Parties (Google Analytics)<\/p>\n<\/td>\n<td>\n<p>30 minutes<\/p>\n<\/td>\n<td>\n<p>Used to determine new sessions or visits<\/p>\n<\/td>\n<td>\n<p>Non-exempt<\/p>\n<\/td>\n<\/tr>\n<tr>\n<td>\n<p>__utmc<\/p>\n<\/td>\n<td>\n<p>From Third Parties (Google Analytics)<\/p>\n<\/td>\n<td>\n<p>At the end of the session<\/p>\n<\/td>\n<td>\n<p>Configured for use with Urchin<\/p>\n<\/td>\n<td>\n<p>Non-exempt<\/p>\n<\/td>\n<\/tr>\n<tr>\n<td>\n<p>__utmz<\/p>\n<\/td>\n<td>\n<p>From Third Parties (Google Analytics)<\/p>\n<\/td>\n<td>\n<p>6 months<\/p>\n<\/td>\n<td>\n<p>Stores the origin or campaign that explains how the user arrived at the website<\/p>\n<\/td>\n<td>\n<p>Non-exempt<\/p>\n<\/td>\n<\/tr>\n<\/tbody>\n<\/table>\n<p>Additionally, depending on their purpose, cookies can be classified as follows:<\/p>\n<p><strong>PERFORMANCE COOKIES<\/strong><\/p>\n<p>This type of Cookie remembers your preferences for the tools found in the services, so you do not have to reconfigure the service each time you visit. As an example, in this typology are included: Volume settings for video or sound players. Video streaming speeds that are compatible with your browser. Objects saved in the \"shopping cart\" in e-commerce services such as stores.<\/p>\n<p><strong>GEO-LOCATION COOKIES<\/strong><\/p>\n<p>These cookies are used to find out what country you are in when you request a service. This cookie is completely anonymous, and is only used to help target content to your location.<\/p>\n<p><strong>REGISTRATION COOKIES<\/strong><\/p>\n<p>Registration cookies are generated once the user has registered or subsequently logged in, and are used to identify you in the services for the following purposes:<\/p>\n<p>Keep the user identified so that, if you close a service, the browser or the computer and at another time or another day re-enter the service, you will continue to be identified, thus facilitating your navigation without having to re-identify yourself. This functionality can be deleted if the user clicks on the [log out] functionality, so that this cookie is deleted and the next time the user enters the service he\/she will have to log in to be identified.<\/p>\n<p>Check whether the user is authorized to access certain services, for example, to participate in a contest.<\/p>\n<p>Additionally, some services may use connectors with social networks such as Facebook or Twitter. When the user registers for a service with credentials from a social network, he\/she authorizes the social network to store a persistent Cookie that remembers his\/her identity and grants access to the services until it expires. The user can delete this Cookie and revoke access to services through social networks by updating your preferences in the specific social network.<\/p>\n<p><strong>ANALYTICS COOKIES<\/strong><\/p>\n<p>Each time a user visits a service, a tool from an external provider generates an analytical cookie on the user's computer. This cookie, which is only generated during the visit, will be used in future visits to the services to anonymously identify the visitor. The main objectives pursued are:<\/p>\n<p>Allow anonymous identification of browsing users through the cookie (identifies browsers and devices, not people) and therefore the approximate counting of the number of visitors and their trend over time.<br \/>Identify anonymously the most visited content and therefore more attractive to users Know if the user who is accessing is new or repeat visit.<\/p>\n<p><strong>Important:<\/strong>\u00a0Unless the user chooses to register with a service of\u00a0<strong>https:\/\/<\/strong><strong> www.dathamer-carpinteros.com<\/strong>The cookie will never be associated with any personal data that can identify you. These cookies will only be used for statistical purposes to help optimize the user experience on the site.<\/p>\n<p><strong>ADVERTISING COOKIES<\/strong><\/p>\n<p>This type of cookies allows to extend the information of the advertisements shown to each anonymous user in the services of<strong>\u00a0https:\/\/<\/strong><strong> www.dathamer-carpinteros.com<\/strong>\u00a0. Among others, the duration or frequency of viewing advertising positions, the interaction with them, or browsing patterns and \/ or user behaviors are stored as they help to form a profile of advertising interest. In this way, they make it possible to offer advertising related to the user's interests.<\/p>\n<p><strong>THIRD-PARTY ADVERTISING COOKIES<\/strong><\/p>\n<p>In addition to the advertising managed by the webs of in their services, the webs of offer their advertisers the option of serving ads through third parties (\"Ad-Servers\"). In this way, these third parties can store cookies sent from the Ad-Servers services coming from the users' browsers, as well as access the data stored in them.<\/p>\n<p>The companies that generate these cookies have their own privacy policies. Currently, the websites use the Doubleclick platform (Google) to manage these services. For more information, go to<\/p>\n<p><a href=\"http:\/\/www.google.es\/policies\/privacy\/ads\/#toc-doubleclick\">http:\/\/www.google.es\/policies\/privacy\/ads\/#toc-doubleclick<\/a><\/p>\n<p><a href=\"http:\/\/www.google.es\/policies\/privacy\/ads\/\">http:\/\/www.google.es\/policies\/privacy\/ads\/<\/a>.<\/p>\n<p><strong>HOW CAN I DISABLE COOKIES IN MY BROWSER?<\/strong><\/p>\n<p>Different browsers can be configured to warn the user of the reception of cookies and, if desired, prevent their installation on the computer. Likewise, the user can check in his browser which cookies he has installed and what is the expiration date of these, being able to delete them.<\/p>\n<p>For more information, please refer to your browser's instructions and manuals:<\/p>\n<p>For more information on how to manage cookies on Google<\/p>\n<p><strong>Chrome<\/strong>:\u00a0<a href=\"https:\/\/support.google.com\/chrome\/answer\/95647?hl=es\">https:\/\/support.google.com\/chrome\/answer\/95647?hl=es<\/a><\/p>\n<p>For more information on how to manage cookies on the Internet<\/p>\n<p><strong>Explorer<\/strong>:\u00a0<a href=\"http:\/\/windows.microsoft.com\/es-es\/windows-vista\/cookies-frequently-asked-questions\">http:\/\/windows.microsoft.com\/es-es\/windows-vista\/cookies-frequently-asked-questions<\/a><\/p>\n<p>For more information about managing cookies in Mozilla<\/p>\n<p><strong>Firefox<\/strong>:\u00a0<a href=\"http:\/\/support.mozilla.org\/es\/kb\/habilitar-y-deshabilitar-cookies-que-los-sitios-we%20\">http:\/\/support.mozilla.org\/es\/kb\/habilitar-y-deshabilitar-cookies-que-los-sitios-we<\/a><\/p>\n<p>For more information on cookie management at<\/p>\n<p><strong>Safari<\/strong>:\u00a0<a href=\"http:\/\/www.apple.com\/es\/privacy\/use-of-cookies\/%20\">http:\/\/www.apple.com\/es\/privacy\/use-of-cookies\/<\/a><\/p>\n<p>For more information on cookie management at<\/p>\n<p><strong>Opera<\/strong>:\u00a0<a href=\"http:\/\/help.opera.com\/Windows\/11.50\/es-ES\/cookies.html\">http:\/\/help.opera.com\/Windows\/11.50\/es-ES\/cookies.html<\/a><\/p>\n<p>If you wish to stop being tracked by Google Analytics visit:<\/p>\n<p><a href=\"http:\/\/tools.google.com\/dlpage\/gaoptout\">http:\/\/tools.google.com\/dlpage\/gaoptout<\/a><\/p>\n<p><strong>To learn more about cookies<\/strong><\/p>\n<p>You can learn more about online behavioral advertising and online privacy at the following link:<\/p>\n<p><a href=\"http:\/\/www.youronlinechoices.com\/es\/\">http:\/\/www.youronlinechoices.com\/es\/<\/a><\/p>\n<p>Google Analytics Data Protection:<\/p>\n<p><a href=\"http:\/\/www.google.com\/analytics\/learn\/privacy.html\">http:\/\/www.google.com\/analytics\/learn\/privacy.html<\/a><\/p>\n<p>How Google Analytics uses cookies:<\/p>\n<p><a href=\"https:\/\/developers.google.com\/analytics\/devguides\/collection\/analyticsjs\/cookie-usage?hl=es#analyticsjs\">https:\/\/developers.google.com\/analytics\/devguides\/collection\/analyticsjs\/cookie-usage?hl=es#analyticsjs<\/a><\/p>\n<h3><strong>UPDATES AND CHANGES TO PRIVACY\/COOKIE POLICY<\/strong><\/h3>\n<p>The webs of can modify this Cookies Policy according to legislative or regulatory requirements, or in order to adapt this policy to the instructions issued by the Spanish Data Protection Agency, so users are advised to visit it periodically.<\/p>\n<p>When significant changes are made to this Cookie Policy, these will be communicated to users either through the website or via email to registered users.<\/p>\n<!-- \/wp:paragraph -->\t\t\t\t\t\t<\/div>\n\t\t\t\t<\/div>\n\t\t\t\t\t<\/div>\n\t\t\t\t<\/div>\n\t\t\t\t<\/div>","protected":false},"excerpt":{"rendered":"<p>En esta web se utilizan cookies de terceros y propias para conseguir que tengas una mejor experiencia de navegaci\u00f3n, puedas compartir contenido en redes sociales y para que podamos obtener estad\u00edsticas de los usuarios. Puedes evitar la descarga de cookies a trav\u00e9s de la configuraci\u00f3n de tu navegador, evitando que las cookies se almacenen en [&hellip;]<\/p>","protected":false},"author":1,"featured_media":0,"parent":0,"menu_order":0,"comment_status":"closed","ping_status":"closed","template":"","meta":{"site-sidebar-layout":"default","site-content-layout":"","ast-site-content-layout":"default","site-content-style":"default","site-sidebar-style":"default","ast-global-header-display":"","ast-banner-title-visibility":"","ast-main-header-display":"","ast-hfb-above-header-display":"","ast-hfb-below-header-display":"","ast-hfb-mobile-header-display":"","site-post-title":"","ast-breadcrumbs-content":"","ast-featured-img":"","footer-sml-layout":"","theme-transparent-header-meta":"","adv-header-id-meta":"","stick-header-meta":"","header-above-stick-meta":"","header-main-stick-meta":"","header-below-stick-meta":"","astra-migrate-meta-layouts":"set","ast-page-background-enabled":"default","ast-page-background-meta":{"desktop":{"background-color":"","background-image":"","background-repeat":"repeat","background-position":"center center","background-size":"auto","background-attachment":"scroll","background-type":"","background-media":"","overlay-type":"","overlay-color":"","overlay-opacity":"","overlay-gradient":""},"tablet":{"background-color":"","background-image":"","background-repeat":"repeat","background-position":"center center","background-size":"auto","background-attachment":"scroll","background-type":"","background-media":"","overlay-type":"","overlay-color":"","overlay-opacity":"","overlay-gradient":""},"mobile":{"background-color":"","background-image":"","background-repeat":"repeat","background-position":"center center","background-size":"auto","background-attachment":"scroll","background-type":"","background-media":"","overlay-type":"","overlay-color":"","overlay-opacity":"","overlay-gradient":""}},"ast-content-background-meta":{"desktop":{"background-color":"var(--ast-global-color-5)","background-image":"","background-repeat":"repeat","background-position":"center center","background-size":"auto","background-attachment":"scroll","background-type":"","background-media":"","overlay-type":"","overlay-color":"","overlay-opacity":"","overlay-gradient":""},"tablet":{"background-color":"var(--ast-global-color-5)","background-image":"","background-repeat":"repeat","background-position":"center center","background-size":"auto","background-attachment":"scroll","background-type":"","background-media":"","overlay-type":"","overlay-color":"","overlay-opacity":"","overlay-gradient":""},"mobile":{"background-color":"var(--ast-global-color-5)","background-image":"","background-repeat":"repeat","background-position":"center center","background-size":"auto","background-attachment":"scroll","background-type":"","background-media":"","overlay-type":"","overlay-color":"","overlay-opacity":"","overlay-gradient":""}},"_joinchat":[],"footnotes":""},"class_list":["post-1232","page","type-page","status-publish","hentry"],"yoast_head":"<!-- This site is optimized with the Yoast SEO plugin v23.5 - https:\/\/yoast.com\/wordpress\/plugins\/seo\/ -->\n<title>Pol\u00edtica de cookies - Dathamer Carpinteros<\/title>\n<meta name=\"robots\" content=\"noindex, nofollow\" \/>\n<meta property=\"og:locale\" content=\"en_US\" \/>\n<meta property=\"og:type\" content=\"article\" \/>\n<meta property=\"og:title\" content=\"Pol\u00edtica de cookies - Dathamer Carpinteros\" \/>\n<meta property=\"og:description\" content=\"En esta web se utilizan cookies de terceros y propias para conseguir que tengas una mejor experiencia de navegaci\u00f3n, puedas compartir contenido en redes sociales y para que podamos obtener estad\u00edsticas de los usuarios. Puedes evitar la descarga de cookies a trav\u00e9s de la configuraci\u00f3n de tu navegador, evitando que las cookies se almacenen en [&hellip;]\" \/>\n<meta property=\"og:url\" content=\"https:\/\/dathamer-carpinteros.com\/en\/politica-de-cookies\/\" \/>\n<meta property=\"og:site_name\" content=\"Dathamer Carpinteros\" \/>\n<meta property=\"article:modified_time\" content=\"2024-02-12T10:15:32+00:00\" \/>\n<meta name=\"twitter:card\" content=\"summary_large_image\" \/>\n<meta name=\"twitter:label1\" content=\"Est. reading time\" \/>\n\t<meta name=\"twitter:data1\" content=\"7 minutes\" \/>\n<script type=\"application\/ld+json\" class=\"yoast-schema-graph\">{\"@context\":\"https:\/\/schema.org\",\"@graph\":[{\"@type\":\"WebPage\",\"@id\":\"https:\/\/dathamer-carpinteros.com\/politica-de-cookies\/\",\"url\":\"https:\/\/dathamer-carpinteros.com\/politica-de-cookies\/\",\"name\":\"Pol\u00edtica de cookies - Dathamer Carpinteros\",\"isPartOf\":{\"@id\":\"https:\/\/dathamer-carpinteros.com\/#website\"},\"datePublished\":\"2024-02-12T10:15:00+00:00\",\"dateModified\":\"2024-02-12T10:15:32+00:00\",\"breadcrumb\":{\"@id\":\"https:\/\/dathamer-carpinteros.com\/politica-de-cookies\/#breadcrumb\"},\"inLanguage\":\"en-US\",\"potentialAction\":[{\"@type\":\"ReadAction\",\"target\":[\"https:\/\/dathamer-carpinteros.com\/politica-de-cookies\/\"]}]},{\"@type\":\"BreadcrumbList\",\"@id\":\"https:\/\/dathamer-carpinteros.com\/politica-de-cookies\/#breadcrumb\",\"itemListElement\":[{\"@type\":\"ListItem\",\"position\":1,\"name\":\"Portada\",\"item\":\"https:\/\/dathamer-carpinteros.com\/\"},{\"@type\":\"ListItem\",\"position\":2,\"name\":\"Pol\u00edtica de cookies\"}]},{\"@type\":\"WebSite\",\"@id\":\"https:\/\/dathamer-carpinteros.com\/#website\",\"url\":\"https:\/\/dathamer-carpinteros.com\/\",\"name\":\"Dathamer Carpinteros\",\"description\":\"No solo somos carpinteros, dise\u00f1amos espacios agradables y confortables.\",\"publisher\":{\"@id\":\"https:\/\/dathamer-carpinteros.com\/#organization\"},\"potentialAction\":[{\"@type\":\"SearchAction\",\"target\":{\"@type\":\"EntryPoint\",\"urlTemplate\":\"https:\/\/dathamer-carpinteros.com\/?s={search_term_string}\"},\"query-input\":{\"@type\":\"PropertyValueSpecification\",\"valueRequired\":true,\"valueName\":\"search_term_string\"}}],\"inLanguage\":\"en-US\"},{\"@type\":\"Organization\",\"@id\":\"https:\/\/dathamer-carpinteros.com\/#organization\",\"name\":\"Dathamer Carpinteros\",\"url\":\"https:\/\/dathamer-carpinteros.com\/\",\"logo\":{\"@type\":\"ImageObject\",\"inLanguage\":\"en-US\",\"@id\":\"https:\/\/dathamer-carpinteros.com\/#\/schema\/logo\/image\/\",\"url\":\"https:\/\/dathamer-carpinteros.com\/wp-content\/uploads\/2024\/01\/logo.png\",\"contentUrl\":\"https:\/\/dathamer-carpinteros.com\/wp-content\/uploads\/2024\/01\/logo.png\",\"width\":2353,\"height\":440,\"caption\":\"Dathamer Carpinteros\"},\"image\":{\"@id\":\"https:\/\/dathamer-carpinteros.com\/#\/schema\/logo\/image\/\"}}]}<\/script>\n<!-- \/ Yoast SEO plugin. -->","yoast_head_json":{"title":"Pol\u00edtica de cookies - Dathamer Carpinteros","robots":{"index":"noindex","follow":"nofollow"},"og_locale":"en_US","og_type":"article","og_title":"Pol\u00edtica de cookies - Dathamer Carpinteros","og_description":"En esta web se utilizan cookies de terceros y propias para conseguir que tengas una mejor experiencia de navegaci\u00f3n, puedas compartir contenido en redes sociales y para que podamos obtener estad\u00edsticas de los usuarios. Puedes evitar la descarga de cookies a trav\u00e9s de la configuraci\u00f3n de tu navegador, evitando que las cookies se almacenen en [&hellip;]","og_url":"https:\/\/dathamer-carpinteros.com\/en\/politica-de-cookies\/","og_site_name":"Dathamer Carpinteros","article_modified_time":"2024-02-12T10:15:32+00:00","twitter_card":"summary_large_image","twitter_misc":{"Est. reading time":"7 minutes"},"schema":{"@context":"https:\/\/schema.org","@graph":[{"@type":"WebPage","@id":"https:\/\/dathamer-carpinteros.com\/politica-de-cookies\/","url":"https:\/\/dathamer-carpinteros.com\/politica-de-cookies\/","name":"Pol\u00edtica de cookies - Dathamer Carpinteros","isPartOf":{"@id":"https:\/\/dathamer-carpinteros.com\/#website"},"datePublished":"2024-02-12T10:15:00+00:00","dateModified":"2024-02-12T10:15:32+00:00","breadcrumb":{"@id":"https:\/\/dathamer-carpinteros.com\/politica-de-cookies\/#breadcrumb"},"inLanguage":"en-US","potentialAction":[{"@type":"ReadAction","target":["https:\/\/dathamer-carpinteros.com\/politica-de-cookies\/"]}]},{"@type":"BreadcrumbList","@id":"https:\/\/dathamer-carpinteros.com\/politica-de-cookies\/#breadcrumb","itemListElement":[{"@type":"ListItem","position":1,"name":"Portada","item":"https:\/\/dathamer-carpinteros.com\/"},{"@type":"ListItem","position":2,"name":"Pol\u00edtica de cookies"}]},{"@type":"WebSite","@id":"https:\/\/dathamer-carpinteros.com\/#website","url":"https:\/\/dathamer-carpinteros.com\/","name":"Dathamer Carpinteros","description":"No solo somos carpinteros, dise\u00f1amos espacios agradables y confortables.","publisher":{"@id":"https:\/\/dathamer-carpinteros.com\/#organization"},"potentialAction":[{"@type":"SearchAction","target":{"@type":"EntryPoint","urlTemplate":"https:\/\/dathamer-carpinteros.com\/?s={search_term_string}"},"query-input":{"@type":"PropertyValueSpecification","valueRequired":true,"valueName":"search_term_string"}}],"inLanguage":"en-US"},{"@type":"Organization","@id":"https:\/\/dathamer-carpinteros.com\/#organization","name":"Dathamer Carpinteros","url":"https:\/\/dathamer-carpinteros.com\/","logo":{"@type":"ImageObject","inLanguage":"en-US","@id":"https:\/\/dathamer-carpinteros.com\/#\/schema\/logo\/image\/","url":"https:\/\/dathamer-carpinteros.com\/wp-content\/uploads\/2024\/01\/logo.png","contentUrl":"https:\/\/dathamer-carpinteros.com\/wp-content\/uploads\/2024\/01\/logo.png","width":2353,"height":440,"caption":"Dathamer Carpinteros"},"image":{"@id":"https:\/\/dathamer-carpinteros.com\/#\/schema\/logo\/image\/"}}]}},"_links":{"self":[{"href":"https:\/\/dathamer-carpinteros.com\/en\/wp-json\/wp\/v2\/pages\/1232"}],"collection":[{"href":"https:\/\/dathamer-carpinteros.com\/en\/wp-json\/wp\/v2\/pages"}],"about":[{"href":"https:\/\/dathamer-carpinteros.com\/en\/wp-json\/wp\/v2\/types\/page"}],"author":[{"embeddable":true,"href":"https:\/\/dathamer-carpinteros.com\/en\/wp-json\/wp\/v2\/users\/1"}],"replies":[{"embeddable":true,"href":"https:\/\/dathamer-carpinteros.com\/en\/wp-json\/wp\/v2\/comments?post=1232"}],"version-history":[{"count":4,"href":"https:\/\/dathamer-carpinteros.com\/en\/wp-json\/wp\/v2\/pages\/1232\/revisions"}],"predecessor-version":[{"id":1236,"href":"https:\/\/dathamer-carpinteros.com\/en\/wp-json\/wp\/v2\/pages\/1232\/revisions\/1236"}],"wp:attachment":[{"href":"https:\/\/dathamer-carpinteros.com\/en\/wp-json\/wp\/v2\/media?parent=1232"}],"curies":[{"name":"wp","href":"https:\/\/api.w.org\/{rel}","templated":true}]}}