{"id":8,"date":"2019-03-11T12:08:38","date_gmt":"2019-03-11T12:08:38","guid":{"rendered":"https:\/\/dathamer-carpinteros.com\/?page_id=8"},"modified":"2024-01-04T13:47:10","modified_gmt":"2024-01-04T12:47:10","slug":"quienes-somos","status":"publish","type":"page","link":"https:\/\/dathamer-carpinteros.com\/en\/quienes-somos\/","title":{"rendered":"Who we are"},"content":{"rendered":"<div data-elementor-type=\"wp-post\" data-elementor-id=\"8\" class=\"elementor elementor-8\" data-elementor-post-type=\"page\">\n\t\t\t\t<div class=\"elementor-element elementor-element-3f76a6d e-flex e-con-boxed e-con e-parent\" data-id=\"3f76a6d\" data-element_type=\"container\" data-settings=\"{&quot;background_background&quot;:&quot;classic&quot;}\">\n\t\t\t\t\t<div class=\"e-con-inner\">\n\t\t<div class=\"elementor-element elementor-element-4f7d82d e-flex e-con-boxed e-con e-child\" data-id=\"4f7d82d\" data-element_type=\"container\">\n\t\t\t\t\t<div class=\"e-con-inner\">\n\t\t<div class=\"elementor-element elementor-element-66a13a2 e-flex e-con-boxed e-con e-child\" data-id=\"66a13a2\" data-element_type=\"container\">\n\t\t\t\t\t<div class=\"e-con-inner\">\n\t\t<div class=\"elementor-element elementor-element-04ff1a5 e-con-full e-flex e-con e-child\" data-id=\"04ff1a5\" data-element_type=\"container\">\n\t\t\t\t<div class=\"elementor-element elementor-element-782c343 elementor-widget elementor-widget-heading\" data-id=\"782c343\" data-element_type=\"widget\" data-widget_type=\"heading.default\">\n\t\t\t\t<div class=\"elementor-widget-container\">\n\t\t\t<h1 class=\"elementor-heading-title elementor-size-default\">Who we are<\/h1>\t\t<\/div>\n\t\t\t\t<\/div>\n\t\t\t\t<\/div>\n\t\t\t\t\t<\/div>\n\t\t\t\t<\/div>\n\t\t\t\t\t<\/div>\n\t\t\t\t<\/div>\n\t\t\t\t\t<\/div>\n\t\t\t\t<\/div>\n\t\t<div class=\"elementor-element elementor-element-beb3b4c e-flex e-con-boxed e-con e-parent\" data-id=\"beb3b4c\" data-element_type=\"container\" data-settings=\"{&quot;background_background&quot;:&quot;classic&quot;}\">\n\t\t\t\t\t<div class=\"e-con-inner\">\n\t\t<div class=\"elementor-element elementor-element-81b3281 e-con-full e-flex e-con e-child\" data-id=\"81b3281\" data-element_type=\"container\" data-settings=\"{&quot;background_background&quot;:&quot;classic&quot;}\">\n\t\t\t\t<div class=\"elementor-element elementor-element-661fe6b elementor-widget elementor-widget-heading\" data-id=\"661fe6b\" data-element_type=\"widget\" data-widget_type=\"heading.default\">\n\t\t\t\t<div class=\"elementor-widget-container\">\n\t\t\t<h2 class=\"elementor-heading-title elementor-size-default\">Our history<\/h2>\t\t<\/div>\n\t\t\t\t<\/div>\n\t\t\t\t<div class=\"elementor-element elementor-element-d8f7db5 elementor-hidden-desktop elementor-hidden-laptop elementor-hidden-tablet elementor-widget elementor-widget-image\" data-id=\"d8f7db5\" data-element_type=\"widget\" data-widget_type=\"image.default\">\n\t\t\t\t<div class=\"elementor-widget-container\">\n\t\t\t\t\t\t\t\t\t\t\t\t\t<img fetchpriority=\"high\" decoding=\"async\" width=\"460\" height=\"950\" src=\"https:\/\/dathamer-carpinteros.com\/wp-content\/uploads\/2024\/01\/Diseno-sin-titulo-37-1-2.png\" class=\"attachment-full size-full wp-image-1215\" alt=\"\" srcset=\"https:\/\/dathamer-carpinteros.com\/wp-content\/uploads\/2024\/01\/Diseno-sin-titulo-37-1-2.png 460w, https:\/\/dathamer-carpinteros.com\/wp-content\/uploads\/2024\/01\/Diseno-sin-titulo-37-1-2-145x300.png 145w\" sizes=\"(max-width: 460px) 100vw, 460px\" \/>\t\t\t\t\t\t\t\t\t\t\t\t\t<\/div>\n\t\t\t\t<\/div>\n\t\t\t\t<div class=\"elementor-element elementor-element-f8280a3 elementor-widget elementor-widget-text-editor\" data-id=\"f8280a3\" data-element_type=\"widget\" data-widget_type=\"text-editor.default\">\n\t\t\t\t<div class=\"elementor-widget-container\">\n\t\t\t\t\t\t\t<p>Since 1996, Dathamer Carpenters has established itself as a distinguished family business in the heart of artisan carpentry.<\/p><p>Our legacy began more than two decades ago, forging a path of excellence, innovation and dedication. As passionate manufacturers, we have perfected the art of woodworking, combining traditional techniques with contemporary designs.<\/p><h5><strong>Philosophy<\/strong><\/h5><p>We firmly believe that carpentry is not just a craft, but an art form. Every piece we design and manufacture is imprinted with the dedication and care that characterize our family. At Dathamer Carpenters, every project is an opportunity to transform your dreams into tangible reality.<\/p><h5><strong>Our Commitment<\/strong><\/h5><p>At Dathamer Carpenters, our motto is \"If you can dream it, we can do it\". We are dedicated to turning your visions into carpentry masterpieces. Trust us to bring your dreams to life with skill, passion and precision.<\/p>\t\t\t\t\t\t<\/div>\n\t\t\t\t<\/div>\n\t\t\t\t<\/div>\n\t\t<div class=\"elementor-element elementor-element-bc189a4 e-con-full elementor-hidden-mobile e-flex e-con e-child\" data-id=\"bc189a4\" data-element_type=\"container\" data-settings=\"{&quot;background_background&quot;:&quot;classic&quot;}\">\n\t\t\t\t<div class=\"elementor-element elementor-element-196e3cb elementor-widget elementor-widget-image\" data-id=\"196e3cb\" data-element_type=\"widget\" data-widget_type=\"image.default\">\n\t\t\t\t<div class=\"elementor-widget-container\">\n\t\t\t\t\t\t\t\t\t\t\t\t\t<img fetchpriority=\"high\" decoding=\"async\" width=\"460\" height=\"950\" src=\"https:\/\/dathamer-carpinteros.com\/wp-content\/uploads\/2024\/01\/Diseno-sin-titulo-37-1-2.png\" class=\"attachment-full size-full wp-image-1215\" alt=\"\" srcset=\"https:\/\/dathamer-carpinteros.com\/wp-content\/uploads\/2024\/01\/Diseno-sin-titulo-37-1-2.png 460w, https:\/\/dathamer-carpinteros.com\/wp-content\/uploads\/2024\/01\/Diseno-sin-titulo-37-1-2-145x300.png 145w\" sizes=\"(max-width: 460px) 100vw, 460px\" \/>\t\t\t\t\t\t\t\t\t\t\t\t\t<\/div>\n\t\t\t\t<\/div>\n\t\t\t\t<\/div>\n\t\t\t\t\t<\/div>\n\t\t\t\t<\/div>\n\t\t<div class=\"elementor-element elementor-element-4700e5f e-flex e-con-boxed e-con e-parent\" data-id=\"4700e5f\" data-element_type=\"container\" data-settings=\"{&quot;background_background&quot;:&quot;classic&quot;}\">\n\t\t\t\t\t<div class=\"e-con-inner\">\n\t\t<div class=\"elementor-element elementor-element-2f5c197 e-con-full e-flex e-con e-child\" data-id=\"2f5c197\" data-element_type=\"container\">\n\t\t<div class=\"elementor-element elementor-element-e8d2fb0 e-con-full e-flex e-con e-child\" data-id=\"e8d2fb0\" data-element_type=\"container\" data-settings=\"{&quot;background_background&quot;:&quot;classic&quot;}\">\n\t\t<div class=\"elementor-element elementor-element-056b755 e-con-full e-flex e-con e-child\" data-id=\"056b755\" data-element_type=\"container\" data-settings=\"{&quot;background_background&quot;:&quot;classic&quot;}\">\n\t\t\t\t<div class=\"elementor-element elementor-element-d8b0c7b elementor-widget elementor-widget-counter\" data-id=\"d8b0c7b\" data-element_type=\"widget\" data-widget_type=\"counter.default\">\n\t\t\t\t<div class=\"elementor-widget-container\">\n\t\t\t\t\t<div class=\"elementor-counter\">\n\t\t\t<div class=\"elementor-counter-title\">Satisfied customers<\/div>\t\t\t<div class=\"elementor-counter-number-wrapper\">\n\t\t\t\t<span class=\"elementor-counter-number-prefix\"><\/span>\n\t\t\t\t<span class=\"elementor-counter-number\" data-duration=\"2000\" data-to-value=\"500\" data-from-value=\"0\" data-delimiter=\",\">0<\/span>\n\t\t\t\t<span class=\"elementor-counter-number-suffix\">+<\/span>\n\t\t\t<\/div>\n\t\t<\/div>\n\t\t\t\t<\/div>\n\t\t\t\t<\/div>\n\t\t\t\t<\/div>\n\t\t<div class=\"elementor-element elementor-element-01bc13b e-con-full e-flex e-con e-child\" data-id=\"01bc13b\" data-element_type=\"container\" data-settings=\"{&quot;background_background&quot;:&quot;classic&quot;}\">\n\t\t\t\t<div class=\"elementor-element elementor-element-a1aa40f elementor-widget elementor-widget-counter\" data-id=\"a1aa40f\" data-element_type=\"widget\" data-widget_type=\"counter.default\">\n\t\t\t\t<div class=\"elementor-widget-container\">\n\t\t\t\t\t<div class=\"elementor-counter\">\n\t\t\t<div class=\"elementor-counter-title\">Years of experience<\/div>\t\t\t<div class=\"elementor-counter-number-wrapper\">\n\t\t\t\t<span class=\"elementor-counter-number-prefix\"><\/span>\n\t\t\t\t<span class=\"elementor-counter-number\" data-duration=\"2000\" data-to-value=\"25\" data-from-value=\"0\" data-delimiter=\",\">0<\/span>\n\t\t\t\t<span class=\"elementor-counter-number-suffix\">+<\/span>\n\t\t\t<\/div>\n\t\t<\/div>\n\t\t\t\t<\/div>\n\t\t\t\t<\/div>\n\t\t\t\t<\/div>\n\t\t<div class=\"elementor-element elementor-element-b96ae63 e-con-full e-flex e-con e-child\" data-id=\"b96ae63\" data-element_type=\"container\" data-settings=\"{&quot;background_background&quot;:&quot;classic&quot;}\">\n\t\t\t\t<div class=\"elementor-element elementor-element-1a9d080 elementor-widget elementor-widget-counter\" data-id=\"1a9d080\" data-element_type=\"widget\" data-widget_type=\"counter.default\">\n\t\t\t\t<div class=\"elementor-widget-container\">\n\t\t\t\t\t<div class=\"elementor-counter\">\n\t\t\t<div class=\"elementor-counter-title\">Completed projects<\/div>\t\t\t<div class=\"elementor-counter-number-wrapper\">\n\t\t\t\t<span class=\"elementor-counter-number-prefix\"><\/span>\n\t\t\t\t<span class=\"elementor-counter-number\" data-duration=\"2000\" data-to-value=\"630\" data-from-value=\"0\" data-delimiter=\",\">0<\/span>\n\t\t\t\t<span class=\"elementor-counter-number-suffix\">+<\/span>\n\t\t\t<\/div>\n\t\t<\/div>\n\t\t\t\t<\/div>\n\t\t\t\t<\/div>\n\t\t\t\t<\/div>\n\t\t\t\t<\/div>\n\t\t\t\t<\/div>\n\t\t\t\t\t<\/div>\n\t\t\t\t<\/div>\n\t\t\t\t<\/div>","protected":false},"excerpt":{"rendered":"<p>Qui\u00e9nes somos Nuestra historia Desde 1996, Dathamer Carpinteros se ha consolidado como una distinguida empresa familiar en el coraz\u00f3n de la carpinter\u00eda artesanal. Nuestro legado comenz\u00f3 hace m\u00e1s de dos d\u00e9cadas, forjando un camino de excelencia, innovaci\u00f3n y dedicaci\u00f3n. Como fabricantes apasionados, hemos perfeccionado el arte de la carpinter\u00eda, combinando t\u00e9cnicas tradicionales con dise\u00f1os contempor\u00e1neos. [&hellip;]<\/p>","protected":false},"author":1,"featured_media":0,"parent":0,"menu_order":0,"comment_status":"closed","ping_status":"closed","template":"","meta":{"site-sidebar-layout":"default","site-content-layout":"page-builder","ast-site-content-layout":"","site-content-style":"default","site-sidebar-style":"default","ast-global-header-display":"","ast-banner-title-visibility":"","ast-main-header-display":"","ast-hfb-above-header-display":"","ast-hfb-below-header-display":"","ast-hfb-mobile-header-display":"","site-post-title":"disabled","ast-breadcrumbs-content":"","ast-featured-img":"disabled","footer-sml-layout":"","theme-transparent-header-meta":"enabled","adv-header-id-meta":"","stick-header-meta":"","header-above-stick-meta":"","header-main-stick-meta":"","header-below-stick-meta":"","astra-migrate-meta-layouts":"default","ast-page-background-enabled":"default","ast-page-background-meta":{"desktop":{"background-color":"","background-image":"","background-repeat":"repeat","background-position":"center center","background-size":"auto","background-attachment":"scroll","background-type":"","background-media":"","overlay-type":"","overlay-color":"","overlay-opacity":"","overlay-gradient":""},"tablet":{"background-color":"","background-image":"","background-repeat":"repeat","background-position":"center center","background-size":"auto","background-attachment":"scroll","background-type":"","background-media":"","overlay-type":"","overlay-color":"","overlay-opacity":"","overlay-gradient":""},"mobile":{"background-color":"","background-image":"","background-repeat":"repeat","background-position":"center center","background-size":"auto","background-attachment":"scroll","background-type":"","background-media":"","overlay-type":"","overlay-color":"","overlay-opacity":"","overlay-gradient":""}},"ast-content-background-meta":{"desktop":{"background-color":"var(--ast-global-color-5)","background-image":"","background-repeat":"repeat","background-position":"center center","background-size":"auto","background-attachment":"scroll","background-type":"","background-media":"","overlay-type":"","overlay-color":"","overlay-opacity":"","overlay-gradient":""},"tablet":{"background-color":"var(--ast-global-color-5)","background-image":"","background-repeat":"repeat","background-position":"center center","background-size":"auto","background-attachment":"scroll","background-type":"","background-media":"","overlay-type":"","overlay-color":"","overlay-opacity":"","overlay-gradient":""},"mobile":{"background-color":"var(--ast-global-color-5)","background-image":"","background-repeat":"repeat","background-position":"center center","background-size":"auto","background-attachment":"scroll","background-type":"","background-media":"","overlay-type":"","overlay-color":"","overlay-opacity":"","overlay-gradient":""}},"_joinchat":[],"footnotes":""},"class_list":["post-8","page","type-page","status-publish","hentry"],"yoast_head":"<!-- This site is optimized with the Yoast SEO plugin v23.5 - https:\/\/yoast.com\/wordpress\/plugins\/seo\/ -->\n<title>Qui\u00e9nes somos - Dathamer Carpinteros<\/title>\n<meta name=\"robots\" content=\"index, follow, max-snippet:-1, max-image-preview:large, max-video-preview:-1\" \/>\n<link rel=\"canonical\" href=\"https:\/\/dathamer-carpinteros.com\/en\/quienes-somos\/\" \/>\n<meta property=\"og:locale\" content=\"en_US\" \/>\n<meta property=\"og:type\" content=\"article\" \/>\n<meta property=\"og:title\" content=\"Qui\u00e9nes somos - Dathamer Carpinteros\" \/>\n<meta property=\"og:description\" content=\"Qui\u00e9nes somos Nuestra historia Desde 1996, Dathamer Carpinteros se ha consolidado como una distinguida empresa familiar en el coraz\u00f3n de la carpinter\u00eda artesanal. Nuestro legado comenz\u00f3 hace m\u00e1s de dos d\u00e9cadas, forjando un camino de excelencia, innovaci\u00f3n y dedicaci\u00f3n. Como fabricantes apasionados, hemos perfeccionado el arte de la carpinter\u00eda, combinando t\u00e9cnicas tradicionales con dise\u00f1os contempor\u00e1neos. [&hellip;]\" \/>\n<meta property=\"og:url\" content=\"https:\/\/dathamer-carpinteros.com\/en\/quienes-somos\/\" \/>\n<meta property=\"og:site_name\" content=\"Dathamer Carpinteros\" \/>\n<meta property=\"article:modified_time\" content=\"2024-01-04T12:47:10+00:00\" \/>\n<meta property=\"og:image\" content=\"https:\/\/dathamer-carpinteros.com\/wp-content\/uploads\/2024\/01\/Diseno-sin-titulo-37-1-2.png\" \/>\n<meta name=\"twitter:card\" content=\"summary_large_image\" \/>\n<meta name=\"twitter:label1\" content=\"Est. reading time\" \/>\n\t<meta name=\"twitter:data1\" content=\"2 minutes\" \/>\n<script type=\"application\/ld+json\" class=\"yoast-schema-graph\">{\"@context\":\"https:\/\/schema.org\",\"@graph\":[{\"@type\":\"WebPage\",\"@id\":\"https:\/\/dathamer-carpinteros.com\/quienes-somos\/\",\"url\":\"https:\/\/dathamer-carpinteros.com\/quienes-somos\/\",\"name\":\"Qui\u00e9nes somos - Dathamer Carpinteros\",\"isPartOf\":{\"@id\":\"https:\/\/dathamer-carpinteros.com\/#website\"},\"primaryImageOfPage\":{\"@id\":\"https:\/\/dathamer-carpinteros.com\/quienes-somos\/#primaryimage\"},\"image\":{\"@id\":\"https:\/\/dathamer-carpinteros.com\/quienes-somos\/#primaryimage\"},\"thumbnailUrl\":\"https:\/\/dathamer-carpinteros.com\/wp-content\/uploads\/2024\/01\/Diseno-sin-titulo-37-1-2.png\",\"datePublished\":\"2019-03-11T12:08:38+00:00\",\"dateModified\":\"2024-01-04T12:47:10+00:00\",\"breadcrumb\":{\"@id\":\"https:\/\/dathamer-carpinteros.com\/quienes-somos\/#breadcrumb\"},\"inLanguage\":\"en-US\",\"potentialAction\":[{\"@type\":\"ReadAction\",\"target\":[\"https:\/\/dathamer-carpinteros.com\/quienes-somos\/\"]}]},{\"@type\":\"ImageObject\",\"inLanguage\":\"en-US\",\"@id\":\"https:\/\/dathamer-carpinteros.com\/quienes-somos\/#primaryimage\",\"url\":\"https:\/\/dathamer-carpinteros.com\/wp-content\/uploads\/2024\/01\/Diseno-sin-titulo-37-1-2.png\",\"contentUrl\":\"https:\/\/dathamer-carpinteros.com\/wp-content\/uploads\/2024\/01\/Diseno-sin-titulo-37-1-2.png\"},{\"@type\":\"BreadcrumbList\",\"@id\":\"https:\/\/dathamer-carpinteros.com\/quienes-somos\/#breadcrumb\",\"itemListElement\":[{\"@type\":\"ListItem\",\"position\":1,\"name\":\"Portada\",\"item\":\"https:\/\/dathamer-carpinteros.com\/\"},{\"@type\":\"ListItem\",\"position\":2,\"name\":\"Qui\u00e9nes somos\"}]},{\"@type\":\"WebSite\",\"@id\":\"https:\/\/dathamer-carpinteros.com\/#website\",\"url\":\"https:\/\/dathamer-carpinteros.com\/\",\"name\":\"Dathamer Carpinteros\",\"description\":\"No solo somos carpinteros, dise\u00f1amos espacios agradables y confortables.\",\"publisher\":{\"@id\":\"https:\/\/dathamer-carpinteros.com\/#organization\"},\"potentialAction\":[{\"@type\":\"SearchAction\",\"target\":{\"@type\":\"EntryPoint\",\"urlTemplate\":\"https:\/\/dathamer-carpinteros.com\/?s={search_term_string}\"},\"query-input\":{\"@type\":\"PropertyValueSpecification\",\"valueRequired\":true,\"valueName\":\"search_term_string\"}}],\"inLanguage\":\"en-US\"},{\"@type\":\"Organization\",\"@id\":\"https:\/\/dathamer-carpinteros.com\/#organization\",\"name\":\"Dathamer Carpinteros\",\"url\":\"https:\/\/dathamer-carpinteros.com\/\",\"logo\":{\"@type\":\"ImageObject\",\"inLanguage\":\"en-US\",\"@id\":\"https:\/\/dathamer-carpinteros.com\/#\/schema\/logo\/image\/\",\"url\":\"https:\/\/dathamer-carpinteros.com\/wp-content\/uploads\/2024\/01\/logo.png\",\"contentUrl\":\"https:\/\/dathamer-carpinteros.com\/wp-content\/uploads\/2024\/01\/logo.png\",\"width\":2353,\"height\":440,\"caption\":\"Dathamer Carpinteros\"},\"image\":{\"@id\":\"https:\/\/dathamer-carpinteros.com\/#\/schema\/logo\/image\/\"}}]}<\/script>\n<!-- \/ Yoast SEO plugin. -->","yoast_head_json":{"title":"Qui\u00e9nes somos - Dathamer Carpinteros","robots":{"index":"index","follow":"follow","max-snippet":"max-snippet:-1","max-image-preview":"max-image-preview:large","max-video-preview":"max-video-preview:-1"},"canonical":"https:\/\/dathamer-carpinteros.com\/en\/quienes-somos\/","og_locale":"en_US","og_type":"article","og_title":"Qui\u00e9nes somos - Dathamer Carpinteros","og_description":"Qui\u00e9nes somos Nuestra historia Desde 1996, Dathamer Carpinteros se ha consolidado como una distinguida empresa familiar en el coraz\u00f3n de la carpinter\u00eda artesanal. Nuestro legado comenz\u00f3 hace m\u00e1s de dos d\u00e9cadas, forjando un camino de excelencia, innovaci\u00f3n y dedicaci\u00f3n. Como fabricantes apasionados, hemos perfeccionado el arte de la carpinter\u00eda, combinando t\u00e9cnicas tradicionales con dise\u00f1os contempor\u00e1neos. [&hellip;]","og_url":"https:\/\/dathamer-carpinteros.com\/en\/quienes-somos\/","og_site_name":"Dathamer Carpinteros","article_modified_time":"2024-01-04T12:47:10+00:00","og_image":[{"url":"https:\/\/dathamer-carpinteros.com\/wp-content\/uploads\/2024\/01\/Diseno-sin-titulo-37-1-2.png"}],"twitter_card":"summary_large_image","twitter_misc":{"Est. reading time":"2 minutes"},"schema":{"@context":"https:\/\/schema.org","@graph":[{"@type":"WebPage","@id":"https:\/\/dathamer-carpinteros.com\/quienes-somos\/","url":"https:\/\/dathamer-carpinteros.com\/quienes-somos\/","name":"Qui\u00e9nes somos - Dathamer Carpinteros","isPartOf":{"@id":"https:\/\/dathamer-carpinteros.com\/#website"},"primaryImageOfPage":{"@id":"https:\/\/dathamer-carpinteros.com\/quienes-somos\/#primaryimage"},"image":{"@id":"https:\/\/dathamer-carpinteros.com\/quienes-somos\/#primaryimage"},"thumbnailUrl":"https:\/\/dathamer-carpinteros.com\/wp-content\/uploads\/2024\/01\/Diseno-sin-titulo-37-1-2.png","datePublished":"2019-03-11T12:08:38+00:00","dateModified":"2024-01-04T12:47:10+00:00","breadcrumb":{"@id":"https:\/\/dathamer-carpinteros.com\/quienes-somos\/#breadcrumb"},"inLanguage":"en-US","potentialAction":[{"@type":"ReadAction","target":["https:\/\/dathamer-carpinteros.com\/quienes-somos\/"]}]},{"@type":"ImageObject","inLanguage":"en-US","@id":"https:\/\/dathamer-carpinteros.com\/quienes-somos\/#primaryimage","url":"https:\/\/dathamer-carpinteros.com\/wp-content\/uploads\/2024\/01\/Diseno-sin-titulo-37-1-2.png","contentUrl":"https:\/\/dathamer-carpinteros.com\/wp-content\/uploads\/2024\/01\/Diseno-sin-titulo-37-1-2.png"},{"@type":"BreadcrumbList","@id":"https:\/\/dathamer-carpinteros.com\/quienes-somos\/#breadcrumb","itemListElement":[{"@type":"ListItem","position":1,"name":"Portada","item":"https:\/\/dathamer-carpinteros.com\/"},{"@type":"ListItem","position":2,"name":"Qui\u00e9nes somos"}]},{"@type":"WebSite","@id":"https:\/\/dathamer-carpinteros.com\/#website","url":"https:\/\/dathamer-carpinteros.com\/","name":"Dathamer Carpinteros","description":"No solo somos carpinteros, dise\u00f1amos espacios agradables y confortables.","publisher":{"@id":"https:\/\/dathamer-carpinteros.com\/#organization"},"potentialAction":[{"@type":"SearchAction","target":{"@type":"EntryPoint","urlTemplate":"https:\/\/dathamer-carpinteros.com\/?s={search_term_string}"},"query-input":{"@type":"PropertyValueSpecification","valueRequired":true,"valueName":"search_term_string"}}],"inLanguage":"en-US"},{"@type":"Organization","@id":"https:\/\/dathamer-carpinteros.com\/#organization","name":"Dathamer Carpinteros","url":"https:\/\/dathamer-carpinteros.com\/","logo":{"@type":"ImageObject","inLanguage":"en-US","@id":"https:\/\/dathamer-carpinteros.com\/#\/schema\/logo\/image\/","url":"https:\/\/dathamer-carpinteros.com\/wp-content\/uploads\/2024\/01\/logo.png","contentUrl":"https:\/\/dathamer-carpinteros.com\/wp-content\/uploads\/2024\/01\/logo.png","width":2353,"height":440,"caption":"Dathamer Carpinteros"},"image":{"@id":"https:\/\/dathamer-carpinteros.com\/#\/schema\/logo\/image\/"}}]}},"_links":{"self":[{"href":"https:\/\/dathamer-carpinteros.com\/en\/wp-json\/wp\/v2\/pages\/8"}],"collection":[{"href":"https:\/\/dathamer-carpinteros.com\/en\/wp-json\/wp\/v2\/pages"}],"about":[{"href":"https:\/\/dathamer-carpinteros.com\/en\/wp-json\/wp\/v2\/types\/page"}],"author":[{"embeddable":true,"href":"https:\/\/dathamer-carpinteros.com\/en\/wp-json\/wp\/v2\/users\/1"}],"replies":[{"embeddable":true,"href":"https:\/\/dathamer-carpinteros.com\/en\/wp-json\/wp\/v2\/comments?post=8"}],"version-history":[{"count":8,"href":"https:\/\/dathamer-carpinteros.com\/en\/wp-json\/wp\/v2\/pages\/8\/revisions"}],"predecessor-version":[{"id":1221,"href":"https:\/\/dathamer-carpinteros.com\/en\/wp-json\/wp\/v2\/pages\/8\/revisions\/1221"}],"wp:attachment":[{"href":"https:\/\/dathamer-carpinteros.com\/en\/wp-json\/wp\/v2\/media?parent=8"}],"curies":[{"name":"wp","href":"https:\/\/api.w.org\/{rel}","templated":true}]}}